{"id":23,"date":"2022-05-12T21:10:10","date_gmt":"2022-05-12T19:10:10","guid":{"rendered":"https:\/\/www.hotelpension-stadler.de\/?page_id=23"},"modified":"2022-11-19T20:12:55","modified_gmt":"2022-11-19T19:12:55","slug":"buchungsanfragen","status":"publish","type":"page","link":"https:\/\/www.hotelpension-stadler.de\/index.php\/buchungsanfragen\/","title":{"rendered":"Buchungsanfrage"},"content":{"rendered":"<p>Bitte Buchungsanfragen vor\u00fcbergehend an <a href=\"mailto:info@hotelpension-stadler.de\">info@hotelpension-stadler.de<\/a> senden.<\/p>\n<p>In K\u00fcrze steht das Buchungsformular wieder zur Verf\u00fcgung.<\/p>\n","protected":false},"excerpt":{"rendered":"<p>Bitte Buchungsanfragen vor\u00fcbergehend an info@hotelpension-stadler.de senden. In K\u00fcrze steht das Buchungsformular wieder zur Verf\u00fcgung.<\/p>\n","protected":false},"author":1,"featured_media":0,"parent":0,"menu_order":50,"comment_status":"closed","ping_status":"closed","template":"","meta":{"_acf_changed":false,"footnotes":""},"categories":[],"tags":[],"class_list":["post-23","page","type-page","status-publish","hentry","blog-style1"],"acf":[],"_links":{"self":[{"href":"https:\/\/www.hotelpension-stadler.de\/index.php\/wp-json\/wp\/v2\/pages\/23","targetHints":{"allow":["GET"]}}],"collection":[{"href":"https:\/\/www.hotelpension-stadler.de\/index.php\/wp-json\/wp\/v2\/pages"}],"about":[{"href":"https:\/\/www.hotelpension-stadler.de\/index.php\/wp-json\/wp\/v2\/types\/page"}],"author":[{"embeddable":true,"href":"https:\/\/www.hotelpension-stadler.de\/index.php\/wp-json\/wp\/v2\/users\/1"}],"replies":[{"embeddable":true,"href":"https:\/\/www.hotelpension-stadler.de\/index.php\/wp-json\/wp\/v2\/comments?post=23"}],"version-history":[{"count":4,"href":"https:\/\/www.hotelpension-stadler.de\/index.php\/wp-json\/wp\/v2\/pages\/23\/revisions"}],"predecessor-version":[{"id":85,"href":"https:\/\/www.hotelpension-stadler.de\/index.php\/wp-json\/wp\/v2\/pages\/23\/revisions\/85"}],"wp:attachment":[{"href":"https:\/\/www.hotelpension-stadler.de\/index.php\/wp-json\/wp\/v2\/media?parent=23"}],"wp:term":[{"taxonomy":"category","embeddable":true,"href":"https:\/\/www.hotelpension-stadler.de\/index.php\/wp-json\/wp\/v2\/categories?post=23"},{"taxonomy":"post_tag","embeddable":true,"href":"https:\/\/www.hotelpension-stadler.de\/index.php\/wp-json\/wp\/v2\/tags?post=23"}],"curies":[{"name":"wp","href":"https:\/\/api.w.org\/{rel}","templated":true}]}}